{"id":20,"date":"2020-06-04T21:11:03","date_gmt":"2020-06-04T19:11:03","guid":{"rendered":"https:\/\/wimpoignon.com\/?page_id=20"},"modified":"2020-06-14T21:25:18","modified_gmt":"2020-06-14T19:25:18","slug":"about","status":"publish","type":"page","link":"https:\/\/wimpoignon.com\/fr\/about\/","title":{"rendered":"\u00c0 propos"},"content":{"rendered":"<p class=\" translation-block\">Je suis \u00e9tudiant ing\u00e9nieur au P\u00f4le L\u00e9onard de Vinci (<a href=\"https:\/\/www.esilv.fr\/\" title=\"https:\/\/www.esilv.fr\/\" target=\"_blank\" rel=\"noreferrer noopener\">ESILV<\/a>) Paris, La D\u00e9fense.<\/p>\n\n\n\n<p>Actuellement dans une association de robotique (<a href=\"http:\/\/davincibot.org\/\" target=\"_blank\" rel=\"noreferrer noopener\" title=\"http:\/\/davincibot.org\/\">DaVinciBot<\/a>), je suis passionn\u00e9 par l'interaction humain-robot et par la perception des robots. <\/p>\n\n\n\n<p>De nos jours, nous vivons dans un monde o\u00f9 la technologie cro\u00eet exponentiellement. Il est impossible de tout suivre, cependant je suis toujours curieux concernant les divers types de technologies. Tous les jours, nous pouvons facilement apprendre de nouvelles choses. <\/p>\n\n\n\n<p>Je prends plaisir \u00e0 construire des choses connect\u00e9es, mobiles et nouvelles. J'aime partager tous mes projets, qui sont open source. C'est aussi la raison pourquoi ma philosophie se rapproche de la <a href=\"https:\/\/fr.wikipedia.org\/wiki\/Ubuntu_(philosophie)\" target=\"_blank\" rel=\"noreferrer noopener\" title=\"https:\/\/fr.wikipedia.org\/wiki\/Ubuntu_(philosophie)\">philosophie Ubuntu<\/a> (\u00ab Ouvert et disponible pour les autres \u00bb).<\/p>\n\n\n\n<div class=\"wp-container-1 wp-block-group\"><div class=\"wp-block-group__inner-container\">\n<div class=\"wp-block-image\"><figure class=\"aligncenter size-large is-resized\"><img loading=\"lazy\" src=\"https:\/\/wimpoignon.com\/wp-content\/uploads\/2020\/06\/photo_wim-1024x1024.jpg\" alt=\"&quot;I am because we are&quot;\" class=\"wp-image-53\" width=\"512\" height=\"512\" srcset=\"https:\/\/wimpoignon.com\/wp-content\/uploads\/2020\/06\/photo_wim-1024x1024.jpg 1024w, https:\/\/wimpoignon.com\/wp-content\/uploads\/2020\/06\/photo_wim-300x300.jpg 300w, https:\/\/wimpoignon.com\/wp-content\/uploads\/2020\/06\/photo_wim-150x150.jpg 150w, https:\/\/wimpoignon.com\/wp-content\/uploads\/2020\/06\/photo_wim-768x768.jpg 768w, https:\/\/wimpoignon.com\/wp-content\/uploads\/2020\/06\/photo_wim-1536x1536.jpg 1536w, https:\/\/wimpoignon.com\/wp-content\/uploads\/2020\/06\/photo_wim-2048x2048.jpg 2048w, https:\/\/wimpoignon.com\/wp-content\/uploads\/2020\/06\/photo_wim-800x800.jpg 800w, https:\/\/wimpoignon.com\/wp-content\/uploads\/2020\/06\/photo_wim-50x50.jpg 50w\" sizes=\"(max-width: 512px) 100vw, 512px\" \/><figcaption><span class=\"has-inline-color has-very-light-gray-color\">&#8230;&#8230;&#8230;&#8230;&#8230;&#8230;&#8230;&#8230;&#8230;&#8230;&#8230;&#8230;&#8230;<\/span>&#8220;I am because we are&#8221;<\/figcaption><\/figure><\/div>\n<\/div><\/div>\n\n\n\n<ul class=\"wp-container-2 wp-block-social-links is-style-logos-only\"><li class=\"wp-social-link wp-social-link-github wp-block-social-link\"><a href=\"https:\/\/github.com\/wimausberlin\"  class=\"wp-block-social-link-anchor\"><svg width=\"24\" height=\"24\" viewbox=\"0 0 24 24\" version=\"1.1\" xmlns=\"http:\/\/www.w3.org\/2000\/svg\" aria-hidden=\"true\" focusable=\"false\"><path d=\"M12,2C6.477,2,2,6.477,2,12c0,4.419,2.865,8.166,6.839,9.489c0.5,0.09,0.682-0.218,0.682-0.484 c0-0.236-0.009-0.866-0.014-1.699c-2.782,0.602-3.369-1.34-3.369-1.34c-0.455-1.157-1.11-1.465-1.11-1.465 c-0.909-0.62,0.069-0.608,0.069-0.608c1.004,0.071,1.532,1.03,1.532,1.03c0.891,1.529,2.341,1.089,2.91,0.833 c0.091-0.647,0.349-1.086,0.635-1.337c-2.22-0.251-4.555-1.111-4.555-4.943c0-1.091,0.39-1.984,1.03-2.682 C6.546,8.54,6.202,7.524,6.746,6.148c0,0,0.84-0.269,2.75,1.025C10.295,6.95,11.15,6.84,12,6.836 c0.85,0.004,1.705,0.114,2.504,0.336c1.909-1.294,2.748-1.025,2.748-1.025c0.546,1.376,0.202,2.394,0.1,2.646 c0.64,0.699,1.026,1.591,1.026,2.682c0,3.841-2.337,4.687-4.565,4.935c0.359,0.307,0.679,0.917,0.679,1.852 c0,1.335-0.012,2.415-0.012,2.741c0,0.269,0.18,0.579,0.688,0.481C19.138,20.161,22,16.416,22,12C22,6.477,17.523,2,12,2z\"><\/path><\/svg><span class=\"wp-block-social-link-label screen-reader-text\">GitHub<\/span><\/a><\/li>\n\n<li class=\"wp-social-link wp-social-link-linkedin wp-block-social-link\"><a href=\"https:\/\/www.linkedin.com\/in\/wim-poignon-a113aa1b0\/\"  class=\"wp-block-social-link-anchor\"><svg width=\"24\" height=\"24\" viewbox=\"0 0 24 24\" version=\"1.1\" xmlns=\"http:\/\/www.w3.org\/2000\/svg\" aria-hidden=\"true\" focusable=\"false\"><path d=\"M19.7,3H4.3C3.582,3,3,3.582,3,4.3v15.4C3,20.418,3.582,21,4.3,21h15.4c0.718,0,1.3-0.582,1.3-1.3V4.3 C21,3.582,20.418,3,19.7,3z M8.339,18.338H5.667v-8.59h2.672V18.338z M7.004,8.574c-0.857,0-1.549-0.694-1.549-1.548 c0-0.855,0.691-1.548,1.549-1.548c0.854,0,1.547,0.694,1.547,1.548C8.551,7.881,7.858,8.574,7.004,8.574z M18.339,18.338h-2.669 v-4.177c0-0.996-0.017-2.278-1.387-2.278c-1.389,0-1.601,1.086-1.601,2.206v4.249h-2.667v-8.59h2.559v1.174h0.037 c0.356-0.675,1.227-1.387,2.526-1.387c2.703,0,3.203,1.779,3.203,4.092V18.338z\"><\/path><\/svg><span class=\"wp-block-social-link-label screen-reader-text\">LinkedIn<\/span><\/a><\/li>\n\n<li class=\"wp-social-link wp-social-link-mail wp-block-social-link\"><a href=\"mailto:poignon.wim@gmail.com\"  class=\"wp-block-social-link-anchor\"><svg width=\"24\" height=\"24\" viewbox=\"0 0 24 24\" version=\"1.1\" xmlns=\"http:\/\/www.w3.org\/2000\/svg\" aria-hidden=\"true\" focusable=\"false\"><path d=\"M20,4H4C2.895,4,2,4.895,2,6v12c0,1.105,0.895,2,2,2h16c1.105,0,2-0.895,2-2V6C22,4.895,21.105,4,20,4z M20,8.236l-8,4.882 L4,8.236V6h16V8.236z\"><\/path><\/svg><span class=\"wp-block-social-link-label screen-reader-text\">Mail<\/span><\/a><\/li><\/ul>\n\n\n\n<p><\/p>","protected":false},"excerpt":{"rendered":"<p>I am an undergraduate engineering student at P\u00f4le L\u00e9onard de Vinci (ESILV) Paris, La D\u00e9fense. Currently in an association of robotic (DaVinciBot), I am passionated about Human-Robot Interaction (HRI) and about robot&#8217;s perceptions. Nowadays, we live in a world of exponentially increasing technology advancements. It&#8217;s impossible to follow everything, but I am still curious about [&hellip;]<\/p>","protected":false},"author":1,"featured_media":0,"parent":0,"menu_order":0,"comment_status":"closed","ping_status":"closed","template":"","meta":[],"tags":[],"aioseo_notices":[],"_links":{"self":[{"href":"https:\/\/wimpoignon.com\/fr\/wp-json\/wp\/v2\/pages\/20"}],"collection":[{"href":"https:\/\/wimpoignon.com\/fr\/wp-json\/wp\/v2\/pages"}],"about":[{"href":"https:\/\/wimpoignon.com\/fr\/wp-json\/wp\/v2\/types\/page"}],"author":[{"embeddable":true,"href":"https:\/\/wimpoignon.com\/fr\/wp-json\/wp\/v2\/users\/1"}],"replies":[{"embeddable":true,"href":"https:\/\/wimpoignon.com\/fr\/wp-json\/wp\/v2\/comments?post=20"}],"version-history":[{"count":10,"href":"https:\/\/wimpoignon.com\/fr\/wp-json\/wp\/v2\/pages\/20\/revisions"}],"predecessor-version":[{"id":149,"href":"https:\/\/wimpoignon.com\/fr\/wp-json\/wp\/v2\/pages\/20\/revisions\/149"}],"wp:attachment":[{"href":"https:\/\/wimpoignon.com\/fr\/wp-json\/wp\/v2\/media?parent=20"}],"wp:term":[{"taxonomy":"post_tag","embeddable":true,"href":"https:\/\/wimpoignon.com\/fr\/wp-json\/wp\/v2\/tags?post=20"}],"curies":[{"name":"wp","href":"https:\/\/api.w.org\/{rel}","templated":true}]}}